{"id":2,"date":"2025-03-26T08:43:44","date_gmt":"2025-03-26T08:43:44","guid":{"rendered":"https:\/\/konsultointilehtimaki.fi\/?page_id=2"},"modified":"2025-03-30T15:09:00","modified_gmt":"2025-03-30T13:09:00","slug":"sample-page","status":"publish","type":"page","link":"https:\/\/konsultointilehtimaki.fi\/","title":{"rendered":"Etusivu"},"content":{"rendered":"\r\n<p><img loading=\"lazy\" decoding=\"async\" class=\"alignnone  wp-image-39\" src=\"https:\/\/konsultointilehtimaki.fi\/wp-content\/uploads\/2025\/03\/timo.jpg\" alt=\"\" width=\"403\" height=\"302\" srcset=\"https:\/\/konsultointilehtimaki.fi\/wp-content\/uploads\/2025\/03\/timo.jpg 640w, https:\/\/konsultointilehtimaki.fi\/wp-content\/uploads\/2025\/03\/timo-300x225.jpg 300w\" sizes=\"auto, (max-width: 403px) 100vw, 403px\" \/><\/p>\r\n<p>Timo Lehtim\u00e4ki on kokenut liikkeenjohdon konsultti, jonka erityisala on tietoj\u00e4rjestelm\u00e4hankkeiden ja projektien johtaminen.<\/p>\r\n<p>Timo Lehtim\u00e4ki on toiminut arvioijana ja arviointiryhm\u00e4n johtajana kansainv\u00e4lisen projektiyhdistyksen IPMA:n globaalissa vuoden projekti \u2013kilpailussa vuosina 2010 \u2014 2019 (IPMA Global Project Excellence Award).<\/p>\r\n<p>Timo on kirjoittanut kaksi kirjaa. Kirjan &#8221;Ohjelmistoprojektit k\u00e4yt\u00e4nn\u00f6ss\u00e4&#8221; painos on loppuunmyyty, mutta sit\u00e4 voi kysy\u00e4 kirjastoista. Kirja <a href=\"https:\/\/kirjakauppa.bod.fi\/laadun-etu-timo-lehtimaeki-9789524987707\">&#8221;Laadun etu&#8221;<\/a> on myynniss\u00e4 eri verkkokaupoissa.<\/p>\r\n<p><img loading=\"lazy\" decoding=\"async\" class=\"alignnone  wp-image-36\" src=\"https:\/\/konsultointilehtimaki.fi\/wp-content\/uploads\/2025\/03\/Kirja-1.jpg\" alt=\"\" width=\"153\" height=\"216\" srcset=\"https:\/\/konsultointilehtimaki.fi\/wp-content\/uploads\/2025\/03\/Kirja-1.jpg 268w, https:\/\/konsultointilehtimaki.fi\/wp-content\/uploads\/2025\/03\/Kirja-1-212x300.jpg 212w\" sizes=\"auto, (max-width: 153px) 100vw, 153px\" \/>\u00a0 \u00a0 \u00a0 \u00a0 \u00a0 \u00a0 <a href=\"https:\/\/kirjakauppa.bod.fi\/laadun-etu-timo-lehtimaeki-9789524987707\"><img loading=\"lazy\" decoding=\"async\" class=\"alignnone  wp-image-37\" src=\"https:\/\/konsultointilehtimaki.fi\/wp-content\/uploads\/2025\/03\/Kirja-2.jpg\" alt=\"\" width=\"152\" height=\"215\" srcset=\"https:\/\/konsultointilehtimaki.fi\/wp-content\/uploads\/2025\/03\/Kirja-2.jpg 454w, https:\/\/konsultointilehtimaki.fi\/wp-content\/uploads\/2025\/03\/Kirja-2-213x300.jpg 213w\" sizes=\"auto, (max-width: 152px) 100vw, 152px\" \/><\/a><\/p>\r\n<h2>Tausta<\/h2>\r\n<ul>\r\n<li>filosofian maisteri (tietojenk\u00e4sittelyoppi), Helsingin yliopisto, 1987<\/li>\r\n<li>sivutoiminen tuntiopettaja, Helsingin yliopisto, 1985 &#8211; 1987<\/li>\r\n<li>ohjelmistosuunnittelija, Telenokia, 1987 &#8211; 1988<\/li>\r\n<li>tietotekniikkakonsultti, laatup\u00e4\u00e4llikk\u00f6, projektip\u00e4\u00e4llikk\u00f6, Capgemini, 1989 &#8211; 1997<\/li>\r\n<li>johtava konsultti (mm. solution delivery excellence Helsinki domain lead), Accenture, 1997 &#8211; 2002<\/li>\r\n<li>delivery director (telecom, media &amp; networks), Capgemini, 2002 &#8211; 2005<\/li>\r\n<li>liikkeenjohdon konsultti, Konsultointi Lehtim\u00e4ki, 2005 &#8211;<\/li>\r\n<\/ul>\r\n","protected":false},"excerpt":{"rendered":"<p>Timo Lehtim\u00e4ki on kokenut liikkeenjohdon konsultti, jonka erityisala on tietoj\u00e4rjestelm\u00e4hankkeiden ja projektien johtaminen. Timo Lehtim\u00e4ki on toiminut arvioijana ja arviointiryhm\u00e4n johtajana kansainv\u00e4lisen projektiyhdistyksen IPMA:n globaalissa vuoden projekti \u2013kilpailussa vuosina 2010 \u2014 2019 (IPMA Global Project Excellence Award). Timo on kirjoittanut kaksi kirjaa. Kirjan &#8221;Ohjelmistoprojektit k\u00e4yt\u00e4nn\u00f6ss\u00e4&#8221; painos on loppuunmyyty, mutta sit\u00e4 voi kysy\u00e4 kirjastoista. Kirja &#8221;Laadun [&hellip;]<\/p>\n","protected":false},"author":1,"featured_media":0,"parent":0,"menu_order":0,"comment_status":"closed","ping_status":"open","template":"","meta":{"footnotes":""},"class_list":["post-2","page","type-page","status-publish","hentry"],"_links":{"self":[{"href":"https:\/\/konsultointilehtimaki.fi\/index.php\/wp-json\/wp\/v2\/pages\/2","targetHints":{"allow":["GET"]}}],"collection":[{"href":"https:\/\/konsultointilehtimaki.fi\/index.php\/wp-json\/wp\/v2\/pages"}],"about":[{"href":"https:\/\/konsultointilehtimaki.fi\/index.php\/wp-json\/wp\/v2\/types\/page"}],"author":[{"embeddable":true,"href":"https:\/\/konsultointilehtimaki.fi\/index.php\/wp-json\/wp\/v2\/users\/1"}],"replies":[{"embeddable":true,"href":"https:\/\/konsultointilehtimaki.fi\/index.php\/wp-json\/wp\/v2\/comments?post=2"}],"version-history":[{"count":7,"href":"https:\/\/konsultointilehtimaki.fi\/index.php\/wp-json\/wp\/v2\/pages\/2\/revisions"}],"predecessor-version":[{"id":41,"href":"https:\/\/konsultointilehtimaki.fi\/index.php\/wp-json\/wp\/v2\/pages\/2\/revisions\/41"}],"wp:attachment":[{"href":"https:\/\/konsultointilehtimaki.fi\/index.php\/wp-json\/wp\/v2\/media?parent=2"}],"curies":[{"name":"wp","href":"https:\/\/api.w.org\/{rel}","templated":true}]}}